{"id":12141,"date":"2021-08-27T17:55:27","date_gmt":"2021-08-27T17:55:27","guid":{"rendered":"https:\/\/www.hotelnewstar.com\/fr\/?page_id=12141"},"modified":"2026-01-09T14:57:59","modified_gmt":"2026-01-09T14:57:59","slug":"hotel-longue-duree","status":"publish","type":"page","link":"https:\/\/www.hotelnewstar.com\/fr\/hotel-longue-duree\/","title":{"rendered":"H\u00f4tel Long S\u00e9jour\/ Appartement Montr\u00e9al"},"content":{"rendered":"\t\t<div data-elementor-type=\"wp-page\" data-elementor-id=\"12141\" class=\"elementor elementor-12141\" data-elementor-settings=\"[]\">\n\t\t\t\t\t\t<div class=\"elementor-inner\">\n\t\t\t\t\t\t\t<div class=\"elementor-section-wrap\">\n\t\t\t\t\t\t\t<section class=\"elementor-section elementor-top-section elementor-element elementor-element-c84fa05 elementor-section-full_width elementor-section-height-default elementor-section-height-default qodef-elementor-content-no\" data-id=\"c84fa05\" data-element_type=\"section\">\n\t\t\t\t\t\t<div class=\"elementor-container elementor-column-gap-default\">\n\t\t\t\t\t\t\t<div class=\"elementor-row\">\n\t\t\t\t\t<div class=\"elementor-column elementor-col-50 elementor-top-column elementor-element elementor-element-9a91dd7\" data-id=\"9a91dd7\" data-element_type=\"column\">\n\t\t\t<div class=\"elementor-column-wrap elementor-element-populated\">\n\t\t\t\t\t\t\t<div class=\"elementor-widget-wrap\">\n\t\t\t\t\t\t<div class=\"elementor-element elementor-element-f1f3771 elementor-widget elementor-widget-heading\" data-id=\"f1f3771\" data-element_type=\"widget\" data-widget_type=\"heading.default\">\n\t\t\t\t<div class=\"elementor-widget-container\">\n\t\t\t<h1 class=\"elementor-heading-title elementor-size-default\">Le Newstar: l\u2019 h\u00f4tel id\u00e9al pour un s\u00e9jour de longue dur\u00e9e \u00e0 Montr\u00e9al<\/h1>\t\t<\/div>\n\t\t\t\t<\/div>\n\t\t\t\t<div class=\"elementor-element elementor-element-714c28f elementor-widget elementor-widget-text-editor\" data-id=\"714c28f\" data-element_type=\"widget\" data-widget_type=\"text-editor.default\">\n\t\t\t\t<div class=\"elementor-widget-container\">\n\t\t\t\t\t\t\t\t<div class=\"elementor-text-editor elementor-clearfix\">\n\t\t\t\t<p>Faites des \u00e9conomies substantielles en devenant r\u00e9sident de l&rsquo;un de nos studios avec nos offres de location \u00e0 la semaine ou au mois. Il s\u2019agit de l\u2019endroit id\u00e9al o\u00f9 r\u00e9sider pour quelques jours ou quelques mois, que ce soit dans le cadre d\u2019un d\u00e9m\u00e9nagement ou par affaires, nous pourrons vous accommoder dans vos projets, sans les restrictions d\u2019un bail. Sentez-vous comme \u00e0 la maison en profitez du stationnement et de l\u2019internet WIFI sans frais, ainsi que d\u2019une cuisinette enti\u00e8rement \u00e9quip\u00e9e.<\/p>\t\t\t\t\t<\/div>\n\t\t\t\t\t\t<\/div>\n\t\t\t\t<\/div>\n\t\t\t\t<div class=\"elementor-element elementor-element-c66d8af elementor-align-center elementor-widget elementor-widget-button\" data-id=\"c66d8af\" data-element_type=\"widget\" data-widget_type=\"button.default\">\n\t\t\t\t<div class=\"elementor-widget-container\">\n\t\t\t\t\t<div class=\"elementor-button-wrapper\">\n\t\t\t<a href=\"#\" class=\"elementor-button-link elementor-button elementor-size-lg\" role=\"button\">\n\t\t\t\t\t\t<span class=\"elementor-button-content-wrapper\">\n\t\t\t\t\t\t<span class=\"elementor-button-text\">Demandez de plus amples informations<\/span>\n\t\t<\/span>\n\t\t\t\t\t<\/a>\n\t\t<\/div>\n\t\t\t\t<\/div>\n\t\t\t\t<\/div>\n\t\t\t\t\t\t<\/div>\n\t\t\t\t\t<\/div>\n\t\t<\/div>\n\t\t\t\t<div class=\"elementor-column elementor-col-50 elementor-top-column elementor-element elementor-element-4feb0a3\" data-id=\"4feb0a3\" data-element_type=\"column\">\n\t\t\t<div class=\"elementor-column-wrap elementor-element-populated\">\n\t\t\t\t\t\t\t<div class=\"elementor-widget-wrap\">\n\t\t\t\t\t\t<div class=\"elementor-element elementor-element-449ff50 elementor-widget elementor-widget-image\" data-id=\"449ff50\" data-element_type=\"widget\" data-widget_type=\"image.default\">\n\t\t\t\t<div class=\"elementor-widget-container\">\n\t\t\t\t\t\t\t\t<div class=\"elementor-image\">\n\t\t\t\t\t\t\t\t\t\t\t\t<img width=\"1024\" height=\"768\" src=\"https:\/\/www.hotelnewstar.com\/fr\/wp-content\/uploads\/2021\/06\/studio-7-1024x768.jpg\" class=\"attachment-large size-large\" alt=\"\" srcset=\"https:\/\/www.hotelnewstar.com\/fr\/wp-content\/uploads\/2021\/06\/studio-7-1024x768.jpg 1024w, https:\/\/www.hotelnewstar.com\/fr\/wp-content\/uploads\/2021\/06\/studio-7-600x450.jpg 600w, https:\/\/www.hotelnewstar.com\/fr\/wp-content\/uploads\/2021\/06\/studio-7-300x225.jpg 300w, https:\/\/www.hotelnewstar.com\/fr\/wp-content\/uploads\/2021\/06\/studio-7-768x576.jpg 768w, https:\/\/www.hotelnewstar.com\/fr\/wp-content\/uploads\/2021\/06\/studio-7.jpg 1200w\" sizes=\"(max-width: 1024px) 100vw, 1024px\" \/>\t\t\t\t\t\t\t\t\t\t\t\t\t\t<\/div>\n\t\t\t\t\t\t<\/div>\n\t\t\t\t<\/div>\n\t\t\t\t\t\t<\/div>\n\t\t\t\t\t<\/div>\n\t\t<\/div>\n\t\t\t\t\t\t\t\t<\/div>\n\t\t\t\t\t<\/div>\n\t\t<\/section>\n\t\t\t\t<section class=\"elementor-section elementor-top-section elementor-element elementor-element-7316b0c elementor-section-boxed elementor-section-height-default elementor-section-height-default qodef-elementor-content-no\" data-id=\"7316b0c\" data-element_type=\"section\">\n\t\t\t\t\t\t<div class=\"elementor-container elementor-column-gap-default\">\n\t\t\t\t\t\t\t<div class=\"elementor-row\">\n\t\t\t\t\t<div class=\"elementor-column elementor-col-50 elementor-top-column elementor-element elementor-element-1813860\" data-id=\"1813860\" data-element_type=\"column\">\n\t\t\t<div class=\"elementor-column-wrap elementor-element-populated\">\n\t\t\t\t\t\t\t<div class=\"elementor-widget-wrap\">\n\t\t\t\t\t\t<div class=\"elementor-element elementor-element-005a90f elementor-widget elementor-widget-image\" data-id=\"005a90f\" data-element_type=\"widget\" data-widget_type=\"image.default\">\n\t\t\t\t<div class=\"elementor-widget-container\">\n\t\t\t\t\t\t\t\t<div class=\"elementor-image\">\n\t\t\t\t\t\t\t\t\t\t\t\t<img width=\"1024\" height=\"768\" src=\"https:\/\/www.hotelnewstar.com\/fr\/wp-content\/uploads\/2021\/06\/studio-6-1024x768.jpg\" class=\"attachment-large size-large\" alt=\"\" srcset=\"https:\/\/www.hotelnewstar.com\/fr\/wp-content\/uploads\/2021\/06\/studio-6-1024x768.jpg 1024w, https:\/\/www.hotelnewstar.com\/fr\/wp-content\/uploads\/2021\/06\/studio-6-600x450.jpg 600w, https:\/\/www.hotelnewstar.com\/fr\/wp-content\/uploads\/2021\/06\/studio-6-300x225.jpg 300w, https:\/\/www.hotelnewstar.com\/fr\/wp-content\/uploads\/2021\/06\/studio-6-768x576.jpg 768w, https:\/\/www.hotelnewstar.com\/fr\/wp-content\/uploads\/2021\/06\/studio-6.jpg 1200w\" sizes=\"(max-width: 1024px) 100vw, 1024px\" \/>\t\t\t\t\t\t\t\t\t\t\t\t\t\t<\/div>\n\t\t\t\t\t\t<\/div>\n\t\t\t\t<\/div>\n\t\t\t\t\t\t<\/div>\n\t\t\t\t\t<\/div>\n\t\t<\/div>\n\t\t\t\t<div class=\"elementor-column elementor-col-50 elementor-top-column elementor-element elementor-element-6683781\" data-id=\"6683781\" data-element_type=\"column\">\n\t\t\t<div class=\"elementor-column-wrap elementor-element-populated\">\n\t\t\t\t\t\t\t<div class=\"elementor-widget-wrap\">\n\t\t\t\t\t\t<div class=\"elementor-element elementor-element-9480efe elementor-widget elementor-widget-heading\" data-id=\"9480efe\" data-element_type=\"widget\" data-widget_type=\"heading.default\">\n\t\t\t\t<div class=\"elementor-widget-container\">\n\t\t\t<h2 class=\"elementor-heading-title elementor-size-default\">Principaux \u00e9quipements<\/h2>\t\t<\/div>\n\t\t\t\t<\/div>\n\t\t\t\t<div class=\"elementor-element elementor-element-4dc5804 elementor-icon-list--layout-traditional elementor-list-item-link-full_width elementor-widget elementor-widget-icon-list\" data-id=\"4dc5804\" data-element_type=\"widget\" data-widget_type=\"icon-list.default\">\n\t\t\t\t<div class=\"elementor-widget-container\">\n\t\t\t\t\t<ul class=\"elementor-icon-list-items\">\n\t\t\t\t\t\t\t<li class=\"elementor-icon-list-item\">\n\t\t\t\t\t\t\t\t\t\t\t<span class=\"elementor-icon-list-icon\">\n\t\t\t\t\t\t\t<i aria-hidden=\"true\" class=\"fas fa-house-user\"><\/i>\t\t\t\t\t\t<\/span>\n\t\t\t\t\t\t\t\t\t\t<span class=\"elementor-icon-list-text\">Cuisinette incluant mini-frigo, \u00e9vier, plaque chauffante et four micro-onde<\/span>\n\t\t\t\t\t\t\t\t\t<\/li>\n\t\t\t\t\t\t\t\t<li class=\"elementor-icon-list-item\">\n\t\t\t\t\t\t\t\t\t\t\t<span class=\"elementor-icon-list-icon\">\n\t\t\t\t\t\t\t<i aria-hidden=\"true\" class=\"fas fa-glass-whiskey\"><\/i>\t\t\t\t\t\t<\/span>\n\t\t\t\t\t\t\t\t\t\t<span class=\"elementor-icon-list-text\">Ensemble de vaisselle complet en location \u00e0 25$ par mois.<\/span>\n\t\t\t\t\t\t\t\t\t<\/li>\n\t\t\t\t\t\t\t\t<li class=\"elementor-icon-list-item\">\n\t\t\t\t\t\t\t\t\t\t\t<span class=\"elementor-icon-list-icon\">\n\t\t\t\t\t\t\t<i aria-hidden=\"true\" class=\"fas fa-wifi\"><\/i>\t\t\t\t\t\t<\/span>\n\t\t\t\t\t\t\t\t\t\t<span class=\"elementor-icon-list-text\">Wi-Fi inclus<\/span>\n\t\t\t\t\t\t\t\t\t<\/li>\n\t\t\t\t\t\t\t\t<li class=\"elementor-icon-list-item\">\n\t\t\t\t\t\t\t\t\t\t\t<span class=\"elementor-icon-list-icon\">\n\t\t\t\t\t\t\t<i aria-hidden=\"true\" class=\"fas fa-parking\"><\/i>\t\t\t\t\t\t<\/span>\n\t\t\t\t\t\t\t\t\t\t<span class=\"elementor-icon-list-text\">Stationnement inclus<\/span>\n\t\t\t\t\t\t\t\t\t<\/li>\n\t\t\t\t\t\t\t\t<li class=\"elementor-icon-list-item\">\n\t\t\t\t\t\t\t\t\t\t\t<span class=\"elementor-icon-list-icon\">\n\t\t\t\t\t\t\t<i aria-hidden=\"true\" class=\"fas fa-window-maximize\"><\/i>\t\t\t\t\t\t<\/span>\n\t\t\t\t\t\t\t\t\t\t<span class=\"elementor-icon-list-text\">Plancher de bois<\/span>\n\t\t\t\t\t\t\t\t\t<\/li>\n\t\t\t\t\t\t\t\t<li class=\"elementor-icon-list-item\">\n\t\t\t\t\t\t\t\t\t\t\t<span class=\"elementor-icon-list-icon\">\n\t\t\t\t\t\t\t<i aria-hidden=\"true\" class=\"fas fa-phone-square-alt\"><\/i>\t\t\t\t\t\t<\/span>\n\t\t\t\t\t\t\t\t\t\t<span class=\"elementor-icon-list-text\">Appels locaux sans frais<\/span>\n\t\t\t\t\t\t\t\t\t<\/li>\n\t\t\t\t\t\t<\/ul>\n\t\t\t\t<\/div>\n\t\t\t\t<\/div>\n\t\t\t\t\t\t<\/div>\n\t\t\t\t\t<\/div>\n\t\t<\/div>\n\t\t\t\t\t\t\t\t<\/div>\n\t\t\t\t\t<\/div>\n\t\t<\/section>\n\t\t\t\t<section class=\"elementor-section elementor-top-section elementor-element elementor-element-a07baaa elementor-section-boxed elementor-section-height-default elementor-section-height-default qodef-elementor-content-no\" data-id=\"a07baaa\" data-element_type=\"section\">\n\t\t\t\t\t\t<div class=\"elementor-container elementor-column-gap-default\">\n\t\t\t\t\t\t\t<div class=\"elementor-row\">\n\t\t\t\t\t<div class=\"elementor-column elementor-col-100 elementor-top-column elementor-element elementor-element-702901b\" data-id=\"702901b\" data-element_type=\"column\">\n\t\t\t<div class=\"elementor-column-wrap elementor-element-populated\">\n\t\t\t\t\t\t\t<div class=\"elementor-widget-wrap\">\n\t\t\t\t\t\t<div class=\"elementor-element elementor-element-dbf149d elementor-widget elementor-widget-heading\" data-id=\"dbf149d\" data-element_type=\"widget\" data-widget_type=\"heading.default\">\n\t\t\t\t<div class=\"elementor-widget-container\">\n\t\t\t<h2 class=\"elementor-heading-title elementor-size-default\">Des studios\/appartements qui offrent suffisamment d\u2019espace et de commodit\u00e9s pour accueillir des familles en tout confort<\/h2>\t\t<\/div>\n\t\t\t\t<\/div>\n\t\t\t\t<div class=\"elementor-element elementor-element-762c039 elementor-widget elementor-widget-text-editor\" data-id=\"762c039\" data-element_type=\"widget\" data-widget_type=\"text-editor.default\">\n\t\t\t\t<div class=\"elementor-widget-container\">\n\t\t\t\t\t\t\t\t<div class=\"elementor-text-editor elementor-clearfix\">\n\t\t\t\t<p>Nous offrons des studios pouvant accueillir jusqu\u2019\u00e0 6 personnes, incluant jusqu\u2019\u00e0 3 lits Queens et une cuisinette. L\u2019option id\u00e9ale pour les familles.<\/p><p>\u00c9picerie alimentaire la COOP Express \u00e0 moins de 2km de l\u2019h\u00f4tel ainsi qu\u2019une foule de services \u00e0 proximit\u00e9.<\/p><p>Service de buanderie disponible sur place ($).<\/p>\t\t\t\t\t<\/div>\n\t\t\t\t\t\t<\/div>\n\t\t\t\t<\/div>\n\t\t\t\t\t\t<\/div>\n\t\t\t\t\t<\/div>\n\t\t<\/div>\n\t\t\t\t\t\t\t\t<\/div>\n\t\t\t\t\t<\/div>\n\t\t<\/section>\n\t\t\t\t<section class=\"elementor-section elementor-top-section elementor-element elementor-element-4db007c elementor-section-boxed elementor-section-height-default elementor-section-height-default qodef-elementor-content-no\" data-id=\"4db007c\" data-element_type=\"section\">\n\t\t\t\t\t\t<div class=\"elementor-container elementor-column-gap-default\">\n\t\t\t\t\t\t\t<div class=\"elementor-row\">\n\t\t\t\t\t<div class=\"elementor-column elementor-col-100 elementor-top-column elementor-element elementor-element-bb21db0\" data-id=\"bb21db0\" data-element_type=\"column\">\n\t\t\t<div class=\"elementor-column-wrap elementor-element-populated\">\n\t\t\t\t\t\t\t<div class=\"elementor-widget-wrap\">\n\t\t\t\t\t\t<div class=\"elementor-element elementor-element-cff86bd elementor-widget elementor-widget-heading\" data-id=\"cff86bd\" data-element_type=\"widget\" data-widget_type=\"heading.default\">\n\t\t\t\t<div class=\"elementor-widget-container\">\n\t\t\t<h3 class=\"elementor-heading-title elementor-size-default\">Pour plus d\u2019informations<\/h3>\t\t<\/div>\n\t\t\t\t<\/div>\n\t\t\t\t<div class=\"elementor-element elementor-element-28135ef elementor-widget elementor-widget-text-editor\" data-id=\"28135ef\" data-element_type=\"widget\" data-widget_type=\"text-editor.default\">\n\t\t\t\t<div class=\"elementor-widget-container\">\n\t\t\t\t\t\t\t\t<div class=\"elementor-text-editor elementor-clearfix\">\n\t\t\t\t<p>Pour toutes questions concernant nos services et offres sp\u00e9cialement destin\u00e9s aux s\u00e9jours de longue dur\u00e9e, il suffit communiquer avec nous.<\/p>\t\t\t\t\t<\/div>\n\t\t\t\t\t\t<\/div>\n\t\t\t\t<\/div>\n\t\t\t\t<div class=\"elementor-element elementor-element-94ea2cd elementor-align-center elementor-widget elementor-widget-button\" data-id=\"94ea2cd\" data-element_type=\"widget\" data-widget_type=\"button.default\">\n\t\t\t\t<div class=\"elementor-widget-container\">\n\t\t\t\t\t<div class=\"elementor-button-wrapper\">\n\t\t\t<a href=\"#\" class=\"elementor-button-link elementor-button elementor-size-lg\" role=\"button\">\n\t\t\t\t\t\t<span class=\"elementor-button-content-wrapper\">\n\t\t\t\t\t\t<span class=\"elementor-button-icon elementor-align-icon-right\">\n\t\t\t\t<i aria-hidden=\"true\" class=\"fas fa-concierge-bell\"><\/i>\t\t\t<\/span>\n\t\t\t\t\t\t<span class=\"elementor-button-text\">Contactez-nous<\/span>\n\t\t<\/span>\n\t\t\t\t\t<\/a>\n\t\t<\/div>\n\t\t\t\t<\/div>\n\t\t\t\t<\/div>\n\t\t\t\t\t\t<\/div>\n\t\t\t\t\t<\/div>\n\t\t<\/div>\n\t\t\t\t\t\t\t\t<\/div>\n\t\t\t\t\t<\/div>\n\t\t<\/section>\n\t\t\t\t\t\t<\/div>\n\t\t\t\t\t\t<\/div>\n\t\t\t\t\t<\/div>\n\t\t","protected":false},"excerpt":{"rendered":"<p>Le Newstar: l\u2019 h\u00f4tel id\u00e9al pour un s\u00e9jour de longue dur\u00e9e \u00e0 Montr\u00e9al Faites des \u00e9conomies substantielles en devenant r\u00e9sident de l&rsquo;un de nos studios avec nos offres de location \u00e0 la semaine ou au mois. Il s\u2019agit de l\u2019endroit id\u00e9al o\u00f9 r\u00e9sider pour quelques jours ou quelques mois, que ce soit dans le cadre [&hellip;]<\/p>\n","protected":false},"author":1,"featured_media":0,"parent":0,"menu_order":0,"comment_status":"closed","ping_status":"closed","template":"","meta":{"_monsterinsights_skip_tracking":false,"_monsterinsights_sitenote_active":false,"_monsterinsights_sitenote_note":"","_monsterinsights_sitenote_category":0},"yoast_head":"<!-- This site is optimized with the Yoast SEO plugin v18.1 - https:\/\/yoast.com\/wordpress\/plugins\/seo\/ -->\n<title>Un H\u00f4tel Id\u00e9al pour de long s\u00e9jour | H\u00f4tel Newstar<\/title>\n<meta name=\"description\" content=\"D\u00e9couvrez tous les avantages de choisir l\u2019H\u00f4tel Newstar Montr\u00e9al pour votre h\u00e9bergement de longue dur\u00e9e sans les restrictions d\u2019un bail \u00e0 Montr\u00e9al.\" \/>\n<meta name=\"robots\" content=\"index, follow, max-snippet:-1, max-image-preview:large, max-video-preview:-1\" \/>\n<link rel=\"canonical\" href=\"https:\/\/www.hotelnewstar.com\/fr\/hotel-longue-duree\/\" \/>\n<meta property=\"og:locale\" content=\"fr_CA\" \/>\n<meta property=\"og:type\" content=\"article\" \/>\n<meta property=\"og:title\" content=\"Un H\u00f4tel Id\u00e9al pour de long s\u00e9jour | H\u00f4tel Newstar\" \/>\n<meta property=\"og:description\" content=\"D\u00e9couvrez tous les avantages de choisir l\u2019H\u00f4tel Newstar Montr\u00e9al pour votre h\u00e9bergement de longue dur\u00e9e sans les restrictions d\u2019un bail \u00e0 Montr\u00e9al.\" \/>\n<meta property=\"og:url\" content=\"https:\/\/www.hotelnewstar.com\/fr\/hotel-longue-duree\/\" \/>\n<meta property=\"og:site_name\" content=\"Hotel Newstar Montr\u00e9al\" \/>\n<meta property=\"article:modified_time\" content=\"2026-01-09T14:57:59+00:00\" \/>\n<meta property=\"og:image\" content=\"https:\/\/www.hotelnewstar.com\/fr\/wp-content\/uploads\/2021\/06\/studio-7-1024x768.jpg\" \/>\n<meta name=\"twitter:card\" content=\"summary_large_image\" \/>\n<meta name=\"twitter:label1\" content=\"Estimation du temps de lecture\" \/>\n\t<meta name=\"twitter:data1\" content=\"2 minutes\" \/>\n<script type=\"application\/ld+json\" class=\"yoast-schema-graph\">{\"@context\":\"https:\/\/schema.org\",\"@graph\":[{\"@type\":\"WebSite\",\"@id\":\"https:\/\/www.hotelnewstar.com\/fr\/#website\",\"url\":\"https:\/\/www.hotelnewstar.com\/fr\/\",\"name\":\"Hotel Newstar Montr\u00e9al\",\"description\":\"\",\"potentialAction\":[{\"@type\":\"SearchAction\",\"target\":{\"@type\":\"EntryPoint\",\"urlTemplate\":\"https:\/\/www.hotelnewstar.com\/fr\/?s={search_term_string}\"},\"query-input\":\"required name=search_term_string\"}],\"inLanguage\":\"fr-CA\"},{\"@type\":\"ImageObject\",\"@id\":\"https:\/\/www.hotelnewstar.com\/fr\/hotel-longue-duree\/#primaryimage\",\"inLanguage\":\"fr-CA\",\"url\":\"https:\/\/www.hotelnewstar.com\/fr\/wp-content\/uploads\/2021\/06\/studio-7.jpg\",\"contentUrl\":\"https:\/\/www.hotelnewstar.com\/fr\/wp-content\/uploads\/2021\/06\/studio-7.jpg\",\"width\":1200,\"height\":900},{\"@type\":\"WebPage\",\"@id\":\"https:\/\/www.hotelnewstar.com\/fr\/hotel-longue-duree\/#webpage\",\"url\":\"https:\/\/www.hotelnewstar.com\/fr\/hotel-longue-duree\/\",\"name\":\"Un H\u00f4tel Id\u00e9al pour de long s\u00e9jour | H\u00f4tel Newstar\",\"isPartOf\":{\"@id\":\"https:\/\/www.hotelnewstar.com\/fr\/#website\"},\"primaryImageOfPage\":{\"@id\":\"https:\/\/www.hotelnewstar.com\/fr\/hotel-longue-duree\/#primaryimage\"},\"datePublished\":\"2021-08-27T17:55:27+00:00\",\"dateModified\":\"2026-01-09T14:57:59+00:00\",\"description\":\"D\u00e9couvrez tous les avantages de choisir l\u2019H\u00f4tel Newstar Montr\u00e9al pour votre h\u00e9bergement de longue dur\u00e9e sans les restrictions d\u2019un bail \u00e0 Montr\u00e9al.\",\"breadcrumb\":{\"@id\":\"https:\/\/www.hotelnewstar.com\/fr\/hotel-longue-duree\/#breadcrumb\"},\"inLanguage\":\"fr-CA\",\"potentialAction\":[{\"@type\":\"ReadAction\",\"target\":[\"https:\/\/www.hotelnewstar.com\/fr\/hotel-longue-duree\/\"]}]},{\"@type\":\"BreadcrumbList\",\"@id\":\"https:\/\/www.hotelnewstar.com\/fr\/hotel-longue-duree\/#breadcrumb\",\"itemListElement\":[{\"@type\":\"ListItem\",\"position\":1,\"name\":\"Home\",\"item\":\"https:\/\/www.hotelnewstar.com\/fr\/\"},{\"@type\":\"ListItem\",\"position\":2,\"name\":\"H\u00f4tel Long S\u00e9jour\/ Appartement Montr\u00e9al\"}]}]}<\/script>\n<!-- \/ Yoast SEO plugin. -->","yoast_head_json":{"title":"Un H\u00f4tel Id\u00e9al pour de long s\u00e9jour | H\u00f4tel Newstar","description":"D\u00e9couvrez tous les avantages de choisir l\u2019H\u00f4tel Newstar Montr\u00e9al pour votre h\u00e9bergement de longue dur\u00e9e sans les restrictions d\u2019un bail \u00e0 Montr\u00e9al.","robots":{"index":"index","follow":"follow","max-snippet":"max-snippet:-1","max-image-preview":"max-image-preview:large","max-video-preview":"max-video-preview:-1"},"canonical":"https:\/\/www.hotelnewstar.com\/fr\/hotel-longue-duree\/","og_locale":"fr_CA","og_type":"article","og_title":"Un H\u00f4tel Id\u00e9al pour de long s\u00e9jour | H\u00f4tel Newstar","og_description":"D\u00e9couvrez tous les avantages de choisir l\u2019H\u00f4tel Newstar Montr\u00e9al pour votre h\u00e9bergement de longue dur\u00e9e sans les restrictions d\u2019un bail \u00e0 Montr\u00e9al.","og_url":"https:\/\/www.hotelnewstar.com\/fr\/hotel-longue-duree\/","og_site_name":"Hotel Newstar Montr\u00e9al","article_modified_time":"2026-01-09T14:57:59+00:00","og_image":[{"url":"https:\/\/www.hotelnewstar.com\/fr\/wp-content\/uploads\/2021\/06\/studio-7-1024x768.jpg"}],"twitter_card":"summary_large_image","twitter_misc":{"Estimation du temps de lecture":"2 minutes"},"schema":{"@context":"https:\/\/schema.org","@graph":[{"@type":"WebSite","@id":"https:\/\/www.hotelnewstar.com\/fr\/#website","url":"https:\/\/www.hotelnewstar.com\/fr\/","name":"Hotel Newstar Montr\u00e9al","description":"","potentialAction":[{"@type":"SearchAction","target":{"@type":"EntryPoint","urlTemplate":"https:\/\/www.hotelnewstar.com\/fr\/?s={search_term_string}"},"query-input":"required name=search_term_string"}],"inLanguage":"fr-CA"},{"@type":"ImageObject","@id":"https:\/\/www.hotelnewstar.com\/fr\/hotel-longue-duree\/#primaryimage","inLanguage":"fr-CA","url":"https:\/\/www.hotelnewstar.com\/fr\/wp-content\/uploads\/2021\/06\/studio-7.jpg","contentUrl":"https:\/\/www.hotelnewstar.com\/fr\/wp-content\/uploads\/2021\/06\/studio-7.jpg","width":1200,"height":900},{"@type":"WebPage","@id":"https:\/\/www.hotelnewstar.com\/fr\/hotel-longue-duree\/#webpage","url":"https:\/\/www.hotelnewstar.com\/fr\/hotel-longue-duree\/","name":"Un H\u00f4tel Id\u00e9al pour de long s\u00e9jour | H\u00f4tel Newstar","isPartOf":{"@id":"https:\/\/www.hotelnewstar.com\/fr\/#website"},"primaryImageOfPage":{"@id":"https:\/\/www.hotelnewstar.com\/fr\/hotel-longue-duree\/#primaryimage"},"datePublished":"2021-08-27T17:55:27+00:00","dateModified":"2026-01-09T14:57:59+00:00","description":"D\u00e9couvrez tous les avantages de choisir l\u2019H\u00f4tel Newstar Montr\u00e9al pour votre h\u00e9bergement de longue dur\u00e9e sans les restrictions d\u2019un bail \u00e0 Montr\u00e9al.","breadcrumb":{"@id":"https:\/\/www.hotelnewstar.com\/fr\/hotel-longue-duree\/#breadcrumb"},"inLanguage":"fr-CA","potentialAction":[{"@type":"ReadAction","target":["https:\/\/www.hotelnewstar.com\/fr\/hotel-longue-duree\/"]}]},{"@type":"BreadcrumbList","@id":"https:\/\/www.hotelnewstar.com\/fr\/hotel-longue-duree\/#breadcrumb","itemListElement":[{"@type":"ListItem","position":1,"name":"Home","item":"https:\/\/www.hotelnewstar.com\/fr\/"},{"@type":"ListItem","position":2,"name":"H\u00f4tel Long S\u00e9jour\/ Appartement Montr\u00e9al"}]}]}},"_links":{"self":[{"href":"https:\/\/www.hotelnewstar.com\/fr\/wp-json\/wp\/v2\/pages\/12141"}],"collection":[{"href":"https:\/\/www.hotelnewstar.com\/fr\/wp-json\/wp\/v2\/pages"}],"about":[{"href":"https:\/\/www.hotelnewstar.com\/fr\/wp-json\/wp\/v2\/types\/page"}],"author":[{"embeddable":true,"href":"https:\/\/www.hotelnewstar.com\/fr\/wp-json\/wp\/v2\/users\/1"}],"replies":[{"embeddable":true,"href":"https:\/\/www.hotelnewstar.com\/fr\/wp-json\/wp\/v2\/comments?post=12141"}],"version-history":[{"count":25,"href":"https:\/\/www.hotelnewstar.com\/fr\/wp-json\/wp\/v2\/pages\/12141\/revisions"}],"predecessor-version":[{"id":12553,"href":"https:\/\/www.hotelnewstar.com\/fr\/wp-json\/wp\/v2\/pages\/12141\/revisions\/12553"}],"wp:attachment":[{"href":"https:\/\/www.hotelnewstar.com\/fr\/wp-json\/wp\/v2\/media?parent=12141"}],"curies":[{"name":"wp","href":"https:\/\/api.w.org\/{rel}","templated":true}]}}