{"id":12127,"date":"2021-08-27T17:27:57","date_gmt":"2021-08-27T17:27:57","guid":{"rendered":"https:\/\/www.hotelnewstar.com\/fr\/?page_id=12127"},"modified":"2026-02-05T18:15:23","modified_gmt":"2026-02-05T18:15:23","slug":"offres-et-promotions","status":"publish","type":"page","link":"https:\/\/www.hotelnewstar.com\/fr\/offres-et-promotions\/","title":{"rendered":"Offres et Promotions"},"content":{"rendered":"\t\t<div data-elementor-type=\"wp-page\" data-elementor-id=\"12127\" class=\"elementor elementor-12127\" data-elementor-settings=\"[]\">\n\t\t\t\t\t\t<div class=\"elementor-inner\">\n\t\t\t\t\t\t\t<div class=\"elementor-section-wrap\">\n\t\t\t\t\t\t\t<section class=\"elementor-section elementor-top-section elementor-element elementor-element-269c446 elementor-section-full_width elementor-section-height-default elementor-section-height-default qodef-elementor-content-no\" data-id=\"269c446\" data-element_type=\"section\">\n\t\t\t\t\t\t<div class=\"elementor-container elementor-column-gap-default\">\n\t\t\t\t\t\t\t<div class=\"elementor-row\">\n\t\t\t\t\t<div class=\"elementor-column elementor-col-50 elementor-top-column elementor-element elementor-element-429e7668\" data-id=\"429e7668\" data-element_type=\"column\">\n\t\t\t<div class=\"elementor-column-wrap elementor-element-populated\">\n\t\t\t\t\t\t\t<div class=\"elementor-widget-wrap\">\n\t\t\t\t\t\t<div class=\"elementor-element elementor-element-2134725d elementor-widget__width-initial elementor-widget-tablet__width-initial elementor-widget elementor-widget-augustine_core_section_title\" data-id=\"2134725d\" data-element_type=\"widget\" data-widget_type=\"augustine_core_section_title.default\">\n\t\t\t\t<div class=\"elementor-widget-container\">\n\t\t\t<div class=\"qodef-shortcode qodef-m  qodef-section-title qodef-alignment--left qodef-title-break--disabled qodef-title-appear qodef-title-alt-appear  \">\n\t\t\t\t<h1 class=\"qodef-m-title\" style=\"color: #000000\">\n\t\t\t\t\tOffres &amp; Promotions\t\t\t<\/h1>\n\t\t\t<p class=\"qodef-m-text\" style=\"color: #1A1A1A;font-size: 18px\">Quel que soit le but de votre passage \u00e0 Montr\u00e9al, nous avons une solution pour vous \u00e0 un tarif avantageux. L\u2019H\u00f4tel Newstar r\u00e9pond parfaitement aux besoins essentiels pour vos s\u00e9jours \u00e0 Montr\u00e9al.\n\nTous nos forfaits incluent l\u2019acc\u00e8s \u00e0 l\u2019internet WIFI et le stationnement sans frais. \n<\/p>\n<\/div>\t\t<\/div>\n\t\t\t\t<\/div>\n\t\t\t\t\t\t<\/div>\n\t\t\t\t\t<\/div>\n\t\t<\/div>\n\t\t\t\t<div class=\"elementor-column elementor-col-50 elementor-top-column elementor-element elementor-element-074f5b0\" data-id=\"074f5b0\" data-element_type=\"column\">\n\t\t\t<div class=\"elementor-column-wrap elementor-element-populated\">\n\t\t\t\t\t\t\t<div class=\"elementor-widget-wrap\">\n\t\t\t\t\t\t<div class=\"elementor-element elementor-element-841c65a elementor-widget elementor-widget-image\" data-id=\"841c65a\" data-element_type=\"widget\" data-widget_type=\"image.default\">\n\t\t\t\t<div class=\"elementor-widget-container\">\n\t\t\t\t\t\t\t\t<div class=\"elementor-image\">\n\t\t\t\t\t\t\t\t\t\t\t\t<img width=\"1024\" height=\"768\" src=\"https:\/\/www.hotelnewstar.com\/fr\/wp-content\/uploads\/2021\/06\/studio-6-1024x768.jpg\" class=\"attachment-large size-large\" alt=\"\" srcset=\"https:\/\/www.hotelnewstar.com\/fr\/wp-content\/uploads\/2021\/06\/studio-6-1024x768.jpg 1024w, https:\/\/www.hotelnewstar.com\/fr\/wp-content\/uploads\/2021\/06\/studio-6-600x450.jpg 600w, https:\/\/www.hotelnewstar.com\/fr\/wp-content\/uploads\/2021\/06\/studio-6-300x225.jpg 300w, https:\/\/www.hotelnewstar.com\/fr\/wp-content\/uploads\/2021\/06\/studio-6-768x576.jpg 768w, https:\/\/www.hotelnewstar.com\/fr\/wp-content\/uploads\/2021\/06\/studio-6.jpg 1200w\" sizes=\"(max-width: 1024px) 100vw, 1024px\" \/>\t\t\t\t\t\t\t\t\t\t\t\t\t\t<\/div>\n\t\t\t\t\t\t<\/div>\n\t\t\t\t<\/div>\n\t\t\t\t\t\t<\/div>\n\t\t\t\t\t<\/div>\n\t\t<\/div>\n\t\t\t\t\t\t\t\t<\/div>\n\t\t\t\t\t<\/div>\n\t\t<\/section>\n\t\t\t\t<section class=\"elementor-section elementor-top-section elementor-element elementor-element-40af6e0 qodef-elementor-content-grid elementor-section-boxed elementor-section-height-default elementor-section-height-default\" data-id=\"40af6e0\" data-element_type=\"section\">\n\t\t\t\t\t\t<div class=\"elementor-container elementor-column-gap-default\">\n\t\t\t\t\t\t\t<div class=\"elementor-row\">\n\t\t\t\t\t<div class=\"elementor-column elementor-col-33 elementor-top-column elementor-element elementor-element-3c52287\" data-id=\"3c52287\" data-element_type=\"column\">\n\t\t\t<div class=\"elementor-column-wrap elementor-element-populated\">\n\t\t\t\t\t\t\t<div class=\"elementor-widget-wrap\">\n\t\t\t\t\t\t<div class=\"elementor-element elementor-element-36a433ec elementor-widget elementor-widget-image\" data-id=\"36a433ec\" data-element_type=\"widget\" data-widget_type=\"image.default\">\n\t\t\t\t<div class=\"elementor-widget-container\">\n\t\t\t\t\t\t\t\t<div class=\"elementor-image\">\n\t\t\t\t\t\t\t\t\t\t\t\t<img width=\"1024\" height=\"683\" src=\"https:\/\/www.hotelnewstar.com\/fr\/wp-content\/uploads\/2021\/06\/hotel-exterior-4-1024x683.jpg\" class=\"attachment-large size-large\" alt=\"\" srcset=\"https:\/\/www.hotelnewstar.com\/fr\/wp-content\/uploads\/2021\/06\/hotel-exterior-4-1024x683.jpg 1024w, https:\/\/www.hotelnewstar.com\/fr\/wp-content\/uploads\/2021\/06\/hotel-exterior-4-600x400.jpg 600w, https:\/\/www.hotelnewstar.com\/fr\/wp-content\/uploads\/2021\/06\/hotel-exterior-4-300x200.jpg 300w, https:\/\/www.hotelnewstar.com\/fr\/wp-content\/uploads\/2021\/06\/hotel-exterior-4-768x512.jpg 768w, https:\/\/www.hotelnewstar.com\/fr\/wp-content\/uploads\/2021\/06\/hotel-exterior-4.jpg 1200w\" sizes=\"(max-width: 1024px) 100vw, 1024px\" \/>\t\t\t\t\t\t\t\t\t\t\t\t\t\t<\/div>\n\t\t\t\t\t\t<\/div>\n\t\t\t\t<\/div>\n\t\t\t\t<div class=\"elementor-element elementor-element-162846d elementor-widget elementor-widget-augustine_core_pricing_table\" data-id=\"162846d\" data-element_type=\"widget\" data-widget_type=\"augustine_core_pricing_table.default\">\n\t\t\t\t<div class=\"elementor-widget-container\">\n\t\t\t<div class=\"qodef-shortcode qodef-m  qodef-pricing-table qodef-layout--standard qodef-status--featured\" >\n\t<div class=\"qodef-m-inner\">\n\t\t\t\t\t<div class=\"qodef-m-price\">\n\t\t<div class=\"qodef-m-price-wrapper qodef-h1\" >\n            <div class=\"qodef-m-price-wrapper-inner\">\n                <span class=\"qodef-m-price-value\">Offre Club Newstar<\/span><!--\n                -->            <\/div>\n\t\t\t\t\t<\/div>\n\t<\/div>\n\t\t\t<div class=\"qodef-m-content\"><p>Optez pour le meilleur tarif, et ce, tous les jours de l\u2019ann\u00e9e.Soyez confiant que vous avez trouv\u00e9 le meilleur tarif en r\u00e9servant directement avec nous.\u00a0<\/p><\/div>\n\t\t\t<div class=\"qodef-m-button clear\">\n\t\t<a class=\"qodef-shortcode qodef-m  qodef-button qodef-layout--outlined  qodef-html--link \" href=\"mailto:ventes@newstarhotels.com\" target=\"_self\"  >\t<span class=\"qodef-m-text\">Contacter les ventes<\/span><\/a>\t<\/div>\n\t<\/div>\n<\/div>\t\t<\/div>\n\t\t\t\t<\/div>\n\t\t\t\t\t\t<\/div>\n\t\t\t\t\t<\/div>\n\t\t<\/div>\n\t\t\t\t<div class=\"elementor-column elementor-col-33 elementor-top-column elementor-element elementor-element-b1d1aa6\" data-id=\"b1d1aa6\" data-element_type=\"column\">\n\t\t\t<div class=\"elementor-column-wrap elementor-element-populated\">\n\t\t\t\t\t\t\t<div class=\"elementor-widget-wrap\">\n\t\t\t\t\t\t<div class=\"elementor-element elementor-element-2916e79e elementor-widget elementor-widget-image\" data-id=\"2916e79e\" data-element_type=\"widget\" data-widget_type=\"image.default\">\n\t\t\t\t<div class=\"elementor-widget-container\">\n\t\t\t\t\t\t\t\t<div class=\"elementor-image\">\n\t\t\t\t\t\t\t\t\t\t\t\t<img width=\"1024\" height=\"683\" src=\"https:\/\/www.hotelnewstar.com\/fr\/wp-content\/uploads\/2021\/06\/room-4-1024x683.jpg\" class=\"attachment-large size-large\" alt=\"\" srcset=\"https:\/\/www.hotelnewstar.com\/fr\/wp-content\/uploads\/2021\/06\/room-4-1024x683.jpg 1024w, https:\/\/www.hotelnewstar.com\/fr\/wp-content\/uploads\/2021\/06\/room-4-600x400.jpg 600w, https:\/\/www.hotelnewstar.com\/fr\/wp-content\/uploads\/2021\/06\/room-4-300x200.jpg 300w, https:\/\/www.hotelnewstar.com\/fr\/wp-content\/uploads\/2021\/06\/room-4-768x512.jpg 768w, https:\/\/www.hotelnewstar.com\/fr\/wp-content\/uploads\/2021\/06\/room-4.jpg 1200w\" sizes=\"(max-width: 1024px) 100vw, 1024px\" \/>\t\t\t\t\t\t\t\t\t\t\t\t\t\t<\/div>\n\t\t\t\t\t\t<\/div>\n\t\t\t\t<\/div>\n\t\t\t\t<div class=\"elementor-element elementor-element-736456e elementor-widget elementor-widget-augustine_core_pricing_table\" data-id=\"736456e\" data-element_type=\"widget\" data-widget_type=\"augustine_core_pricing_table.default\">\n\t\t\t\t<div class=\"elementor-widget-container\">\n\t\t\t<div class=\"qodef-shortcode qodef-m  qodef-pricing-table qodef-layout--standard qodef-status--featured\" >\n\t<div class=\"qodef-m-inner\">\n\t\t\t\t\t<div class=\"qodef-m-price\">\n\t\t<div class=\"qodef-m-price-wrapper qodef-h1\" >\n            <div class=\"qodef-m-price-wrapper-inner\">\n                <span class=\"qodef-m-price-value\">Offre Long s\u00e9jour <\/span><!--\n                -->            <\/div>\n\t\t\t\t\t<\/div>\n\t<\/div>\n\t\t\t<div class=\"qodef-m-content\"><p>Faites des \u00e9conomies substantielles en devenant r\u00e9sident de l'un de nos studios avec nos offres de location \u00e0 la semaine ou au mois.<\/p><\/div>\n\t\t\t<div class=\"qodef-m-button clear\">\n\t\t<a class=\"qodef-shortcode qodef-m  qodef-button qodef-layout--outlined  qodef-html--link \" href=\"mailto:ventes@newstarhotels.com\" target=\"_self\"  >\t<span class=\"qodef-m-text\">Contacter les ventes<\/span><\/a>\t<\/div>\n\t<\/div>\n<\/div>\t\t<\/div>\n\t\t\t\t<\/div>\n\t\t\t\t\t\t<\/div>\n\t\t\t\t\t<\/div>\n\t\t<\/div>\n\t\t\t\t<div class=\"elementor-column elementor-col-33 elementor-top-column elementor-element elementor-element-b0b11c0\" data-id=\"b0b11c0\" data-element_type=\"column\">\n\t\t\t<div class=\"elementor-column-wrap elementor-element-populated\">\n\t\t\t\t\t\t\t<div class=\"elementor-widget-wrap\">\n\t\t\t\t\t\t<div class=\"elementor-element elementor-element-66bdfa42 elementor-widget elementor-widget-image\" data-id=\"66bdfa42\" data-element_type=\"widget\" data-widget_type=\"image.default\">\n\t\t\t\t<div class=\"elementor-widget-container\">\n\t\t\t\t\t\t\t\t<div class=\"elementor-image\">\n\t\t\t\t\t\t\t\t\t\t\t\t<img width=\"1024\" height=\"683\" src=\"https:\/\/www.hotelnewstar.com\/fr\/wp-content\/uploads\/2021\/06\/suite-9-1024x683.jpg\" class=\"attachment-large size-large\" alt=\"\" srcset=\"https:\/\/www.hotelnewstar.com\/fr\/wp-content\/uploads\/2021\/06\/suite-9-1024x683.jpg 1024w, https:\/\/www.hotelnewstar.com\/fr\/wp-content\/uploads\/2021\/06\/suite-9-600x400.jpg 600w, https:\/\/www.hotelnewstar.com\/fr\/wp-content\/uploads\/2021\/06\/suite-9-300x200.jpg 300w, https:\/\/www.hotelnewstar.com\/fr\/wp-content\/uploads\/2021\/06\/suite-9-768x512.jpg 768w, https:\/\/www.hotelnewstar.com\/fr\/wp-content\/uploads\/2021\/06\/suite-9.jpg 1200w\" sizes=\"(max-width: 1024px) 100vw, 1024px\" \/>\t\t\t\t\t\t\t\t\t\t\t\t\t\t<\/div>\n\t\t\t\t\t\t<\/div>\n\t\t\t\t<\/div>\n\t\t\t\t<div class=\"elementor-element elementor-element-367c1c6 elementor-widget elementor-widget-augustine_core_pricing_table\" data-id=\"367c1c6\" data-element_type=\"widget\" data-widget_type=\"augustine_core_pricing_table.default\">\n\t\t\t\t<div class=\"elementor-widget-container\">\n\t\t\t<div class=\"qodef-shortcode qodef-m  qodef-pricing-table qodef-layout--standard qodef-status--featured\" >\n\t<div class=\"qodef-m-inner\">\n\t\t\t\t\t<div class=\"qodef-m-price\">\n\t\t<div class=\"qodef-m-price-wrapper qodef-h1\" >\n            <div class=\"qodef-m-price-wrapper-inner\">\n                <span class=\"qodef-m-price-value\">Offre s\u00e9jour corporatif<\/span><!--\n                -->            <\/div>\n\t\t\t\t\t<\/div>\n\t<\/div>\n\t\t\t<div class=\"qodef-m-content\"><p>Pour des s\u00e9jours d'affaires r\u00e9currents,\u00a0l\u2019h\u00f4tel Newstar Montr\u00e9al propose des tarifs avantageux pour la client\u00e8le d\u2019affaires.<\/p><\/div>\n\t\t\t<div class=\"qodef-m-button clear\">\n\t\t<a class=\"qodef-shortcode qodef-m  qodef-button qodef-layout--outlined  qodef-html--link \" href=\"mailto:ventes@newstarhotels.com\" target=\"_self\"  >\t<span class=\"qodef-m-text\">Contacter les ventes<\/span><\/a>\t<\/div>\n\t<\/div>\n<\/div>\t\t<\/div>\n\t\t\t\t<\/div>\n\t\t\t\t\t\t<\/div>\n\t\t\t\t\t<\/div>\n\t\t<\/div>\n\t\t\t\t\t\t\t\t<\/div>\n\t\t\t\t\t<\/div>\n\t\t<\/section>\n\t\t\t\t<section class=\"elementor-section elementor-top-section elementor-element elementor-element-6266f677 qodef-elementor-content-grid elementor-section-boxed elementor-section-height-default elementor-section-height-default\" data-id=\"6266f677\" data-element_type=\"section\">\n\t\t\t\t\t\t<div class=\"elementor-container elementor-column-gap-default\">\n\t\t\t\t\t\t\t<div class=\"elementor-row\">\n\t\t\t\t\t<div class=\"elementor-column elementor-col-100 elementor-top-column elementor-element elementor-element-4b5f57a0\" data-id=\"4b5f57a0\" data-element_type=\"column\">\n\t\t\t<div class=\"elementor-column-wrap elementor-element-populated\">\n\t\t\t\t\t\t\t<div class=\"elementor-widget-wrap\">\n\t\t\t\t\t\t<div class=\"elementor-element elementor-element-1f59c092 elementor-widget elementor-widget-augustine_core_section_title\" data-id=\"1f59c092\" data-element_type=\"widget\" data-widget_type=\"augustine_core_section_title.default\">\n\t\t\t\t<div class=\"elementor-widget-container\">\n\t\t\t<div class=\"qodef-shortcode qodef-m  qodef-section-title qodef-alignment--center    qodef-separator-appear \">\n\t\t<span class=\"qodef-m-separator\" ><\/span>\n\t\t<p class=\"qodef-m-subtitle\" >Nous sommes social! <\/p>\n\t\t<h3 class=\"qodef-m-title\" style=\"margin-top: 15px\">\n\t\t\t\t\tTrouvez-nous sur Instagram ou Facebook\t\t\t<\/h3>\n\t\t<\/div>\t\t<\/div>\n\t\t\t\t<\/div>\n\t\t\t\t\t\t<\/div>\n\t\t\t\t\t<\/div>\n\t\t<\/div>\n\t\t\t\t\t\t\t\t<\/div>\n\t\t\t\t\t<\/div>\n\t\t<\/section>\n\t\t\t\t<section class=\"elementor-section elementor-top-section elementor-element elementor-element-f2acc5b elementor-section-full_width elementor-section-height-default elementor-section-height-default qodef-elementor-content-no\" data-id=\"f2acc5b\" data-element_type=\"section\">\n\t\t\t\t\t\t<div class=\"elementor-container elementor-column-gap-default\">\n\t\t\t\t\t\t\t<div class=\"elementor-row\">\n\t\t\t\t\t<div class=\"elementor-column elementor-col-100 elementor-top-column elementor-element elementor-element-e6f6a0f\" data-id=\"e6f6a0f\" data-element_type=\"column\">\n\t\t\t<div class=\"elementor-column-wrap\">\n\t\t\t\t\t\t\t<div class=\"elementor-widget-wrap\">\n\t\t\t\t\t\t\t\t<\/div>\n\t\t\t\t\t<\/div>\n\t\t<\/div>\n\t\t\t\t\t\t\t\t<\/div>\n\t\t\t\t\t<\/div>\n\t\t<\/section>\n\t\t\t\t\t\t<\/div>\n\t\t\t\t\t\t<\/div>\n\t\t\t\t\t<\/div>\n\t\t","protected":false},"excerpt":{"rendered":"<p>Offres &amp; Promotions Quel que soit le but de votre passage \u00e0 Montr\u00e9al, nous avons une solution pour vous \u00e0 un tarif avantageux. L\u2019H\u00f4tel Newstar r\u00e9pond parfaitement aux besoins essentiels pour vos s\u00e9jours \u00e0 Montr\u00e9al. Tous nos forfaits incluent l\u2019acc\u00e8s \u00e0 l\u2019internet WIFI et le stationnement sans frais. Offre Club Newstar Optez pour le meilleur [&hellip;]<\/p>\n","protected":false},"author":1,"featured_media":0,"parent":0,"menu_order":0,"comment_status":"closed","ping_status":"closed","template":"page-full-width.php","meta":{"_monsterinsights_skip_tracking":false,"_monsterinsights_sitenote_active":false,"_monsterinsights_sitenote_note":"","_monsterinsights_sitenote_category":0},"yoast_head":"<!-- This site is optimized with the Yoast SEO plugin v18.1 - https:\/\/yoast.com\/wordpress\/plugins\/seo\/ -->\n<title>Offres et promotions pour les s\u00e9jours \u00e0 Montr\u00e9al \u2013 H\u00f4tel Newstar<\/title>\n<meta name=\"description\" content=\"L\u2019H\u00f4tel Newstar est l\u2019endroit id\u00e9al pour les s\u00e9jours abordables \u00e0 Montr\u00e9al, Tarifs sp\u00e9ciaux et avantages incomparables \u00e0 Montr\u00e9al.\" \/>\n<meta name=\"robots\" content=\"index, follow, max-snippet:-1, max-image-preview:large, max-video-preview:-1\" \/>\n<link rel=\"canonical\" href=\"https:\/\/www.hotelnewstar.com\/fr\/offres-et-promotions\/\" \/>\n<meta property=\"og:locale\" content=\"fr_CA\" \/>\n<meta property=\"og:type\" content=\"article\" \/>\n<meta property=\"og:title\" content=\"Offres et promotions pour les s\u00e9jours \u00e0 Montr\u00e9al \u2013 H\u00f4tel Newstar\" \/>\n<meta property=\"og:description\" content=\"L\u2019H\u00f4tel Newstar est l\u2019endroit id\u00e9al pour les s\u00e9jours abordables \u00e0 Montr\u00e9al, Tarifs sp\u00e9ciaux et avantages incomparables \u00e0 Montr\u00e9al.\" \/>\n<meta property=\"og:url\" content=\"https:\/\/www.hotelnewstar.com\/fr\/offres-et-promotions\/\" \/>\n<meta property=\"og:site_name\" content=\"Hotel Newstar Montr\u00e9al\" \/>\n<meta property=\"article:modified_time\" content=\"2026-02-05T18:15:23+00:00\" \/>\n<meta property=\"og:image\" content=\"https:\/\/www.hotelnewstar.com\/fr\/wp-content\/uploads\/2021\/06\/studio-6-1024x768.jpg\" \/>\n<meta name=\"twitter:card\" content=\"summary_large_image\" \/>\n<meta name=\"twitter:label1\" content=\"Estimation du temps de lecture\" \/>\n\t<meta name=\"twitter:data1\" content=\"2 minutes\" \/>\n<script type=\"application\/ld+json\" class=\"yoast-schema-graph\">{\"@context\":\"https:\/\/schema.org\",\"@graph\":[{\"@type\":\"WebSite\",\"@id\":\"https:\/\/www.hotelnewstar.com\/fr\/#website\",\"url\":\"https:\/\/www.hotelnewstar.com\/fr\/\",\"name\":\"Hotel Newstar Montr\u00e9al\",\"description\":\"\",\"potentialAction\":[{\"@type\":\"SearchAction\",\"target\":{\"@type\":\"EntryPoint\",\"urlTemplate\":\"https:\/\/www.hotelnewstar.com\/fr\/?s={search_term_string}\"},\"query-input\":\"required name=search_term_string\"}],\"inLanguage\":\"fr-CA\"},{\"@type\":\"ImageObject\",\"@id\":\"https:\/\/www.hotelnewstar.com\/fr\/offres-et-promotions\/#primaryimage\",\"inLanguage\":\"fr-CA\",\"url\":\"https:\/\/www.hotelnewstar.com\/fr\/wp-content\/uploads\/2021\/06\/studio-6.jpg\",\"contentUrl\":\"https:\/\/www.hotelnewstar.com\/fr\/wp-content\/uploads\/2021\/06\/studio-6.jpg\",\"width\":1200,\"height\":900},{\"@type\":\"WebPage\",\"@id\":\"https:\/\/www.hotelnewstar.com\/fr\/offres-et-promotions\/#webpage\",\"url\":\"https:\/\/www.hotelnewstar.com\/fr\/offres-et-promotions\/\",\"name\":\"Offres et promotions pour les s\u00e9jours \u00e0 Montr\u00e9al \u2013 H\u00f4tel Newstar\",\"isPartOf\":{\"@id\":\"https:\/\/www.hotelnewstar.com\/fr\/#website\"},\"primaryImageOfPage\":{\"@id\":\"https:\/\/www.hotelnewstar.com\/fr\/offres-et-promotions\/#primaryimage\"},\"datePublished\":\"2021-08-27T17:27:57+00:00\",\"dateModified\":\"2026-02-05T18:15:23+00:00\",\"description\":\"L\u2019H\u00f4tel Newstar est l\u2019endroit id\u00e9al pour les s\u00e9jours abordables \u00e0 Montr\u00e9al, Tarifs sp\u00e9ciaux et avantages incomparables \u00e0 Montr\u00e9al.\",\"breadcrumb\":{\"@id\":\"https:\/\/www.hotelnewstar.com\/fr\/offres-et-promotions\/#breadcrumb\"},\"inLanguage\":\"fr-CA\",\"potentialAction\":[{\"@type\":\"ReadAction\",\"target\":[\"https:\/\/www.hotelnewstar.com\/fr\/offres-et-promotions\/\"]}]},{\"@type\":\"BreadcrumbList\",\"@id\":\"https:\/\/www.hotelnewstar.com\/fr\/offres-et-promotions\/#breadcrumb\",\"itemListElement\":[{\"@type\":\"ListItem\",\"position\":1,\"name\":\"Home\",\"item\":\"https:\/\/www.hotelnewstar.com\/fr\/\"},{\"@type\":\"ListItem\",\"position\":2,\"name\":\"Offres et Promotions\"}]}]}<\/script>\n<!-- \/ Yoast SEO plugin. -->","yoast_head_json":{"title":"Offres et promotions pour les s\u00e9jours \u00e0 Montr\u00e9al \u2013 H\u00f4tel Newstar","description":"L\u2019H\u00f4tel Newstar est l\u2019endroit id\u00e9al pour les s\u00e9jours abordables \u00e0 Montr\u00e9al, Tarifs sp\u00e9ciaux et avantages incomparables \u00e0 Montr\u00e9al.","robots":{"index":"index","follow":"follow","max-snippet":"max-snippet:-1","max-image-preview":"max-image-preview:large","max-video-preview":"max-video-preview:-1"},"canonical":"https:\/\/www.hotelnewstar.com\/fr\/offres-et-promotions\/","og_locale":"fr_CA","og_type":"article","og_title":"Offres et promotions pour les s\u00e9jours \u00e0 Montr\u00e9al \u2013 H\u00f4tel Newstar","og_description":"L\u2019H\u00f4tel Newstar est l\u2019endroit id\u00e9al pour les s\u00e9jours abordables \u00e0 Montr\u00e9al, Tarifs sp\u00e9ciaux et avantages incomparables \u00e0 Montr\u00e9al.","og_url":"https:\/\/www.hotelnewstar.com\/fr\/offres-et-promotions\/","og_site_name":"Hotel Newstar Montr\u00e9al","article_modified_time":"2026-02-05T18:15:23+00:00","og_image":[{"url":"https:\/\/www.hotelnewstar.com\/fr\/wp-content\/uploads\/2021\/06\/studio-6-1024x768.jpg"}],"twitter_card":"summary_large_image","twitter_misc":{"Estimation du temps de lecture":"2 minutes"},"schema":{"@context":"https:\/\/schema.org","@graph":[{"@type":"WebSite","@id":"https:\/\/www.hotelnewstar.com\/fr\/#website","url":"https:\/\/www.hotelnewstar.com\/fr\/","name":"Hotel Newstar Montr\u00e9al","description":"","potentialAction":[{"@type":"SearchAction","target":{"@type":"EntryPoint","urlTemplate":"https:\/\/www.hotelnewstar.com\/fr\/?s={search_term_string}"},"query-input":"required name=search_term_string"}],"inLanguage":"fr-CA"},{"@type":"ImageObject","@id":"https:\/\/www.hotelnewstar.com\/fr\/offres-et-promotions\/#primaryimage","inLanguage":"fr-CA","url":"https:\/\/www.hotelnewstar.com\/fr\/wp-content\/uploads\/2021\/06\/studio-6.jpg","contentUrl":"https:\/\/www.hotelnewstar.com\/fr\/wp-content\/uploads\/2021\/06\/studio-6.jpg","width":1200,"height":900},{"@type":"WebPage","@id":"https:\/\/www.hotelnewstar.com\/fr\/offres-et-promotions\/#webpage","url":"https:\/\/www.hotelnewstar.com\/fr\/offres-et-promotions\/","name":"Offres et promotions pour les s\u00e9jours \u00e0 Montr\u00e9al \u2013 H\u00f4tel Newstar","isPartOf":{"@id":"https:\/\/www.hotelnewstar.com\/fr\/#website"},"primaryImageOfPage":{"@id":"https:\/\/www.hotelnewstar.com\/fr\/offres-et-promotions\/#primaryimage"},"datePublished":"2021-08-27T17:27:57+00:00","dateModified":"2026-02-05T18:15:23+00:00","description":"L\u2019H\u00f4tel Newstar est l\u2019endroit id\u00e9al pour les s\u00e9jours abordables \u00e0 Montr\u00e9al, Tarifs sp\u00e9ciaux et avantages incomparables \u00e0 Montr\u00e9al.","breadcrumb":{"@id":"https:\/\/www.hotelnewstar.com\/fr\/offres-et-promotions\/#breadcrumb"},"inLanguage":"fr-CA","potentialAction":[{"@type":"ReadAction","target":["https:\/\/www.hotelnewstar.com\/fr\/offres-et-promotions\/"]}]},{"@type":"BreadcrumbList","@id":"https:\/\/www.hotelnewstar.com\/fr\/offres-et-promotions\/#breadcrumb","itemListElement":[{"@type":"ListItem","position":1,"name":"Home","item":"https:\/\/www.hotelnewstar.com\/fr\/"},{"@type":"ListItem","position":2,"name":"Offres et Promotions"}]}]}},"_links":{"self":[{"href":"https:\/\/www.hotelnewstar.com\/fr\/wp-json\/wp\/v2\/pages\/12127"}],"collection":[{"href":"https:\/\/www.hotelnewstar.com\/fr\/wp-json\/wp\/v2\/pages"}],"about":[{"href":"https:\/\/www.hotelnewstar.com\/fr\/wp-json\/wp\/v2\/types\/page"}],"author":[{"embeddable":true,"href":"https:\/\/www.hotelnewstar.com\/fr\/wp-json\/wp\/v2\/users\/1"}],"replies":[{"embeddable":true,"href":"https:\/\/www.hotelnewstar.com\/fr\/wp-json\/wp\/v2\/comments?post=12127"}],"version-history":[{"count":27,"href":"https:\/\/www.hotelnewstar.com\/fr\/wp-json\/wp\/v2\/pages\/12127\/revisions"}],"predecessor-version":[{"id":12570,"href":"https:\/\/www.hotelnewstar.com\/fr\/wp-json\/wp\/v2\/pages\/12127\/revisions\/12570"}],"wp:attachment":[{"href":"https:\/\/www.hotelnewstar.com\/fr\/wp-json\/wp\/v2\/media?parent=12127"}],"curies":[{"name":"wp","href":"https:\/\/api.w.org\/{rel}","templated":true}]}}